{"id":38,"date":"2021-05-18T20:08:25","date_gmt":"2021-05-18T20:08:25","guid":{"rendered":"http:\/\/aguilar-coaching.com\/?page_id=38"},"modified":"2022-09-03T18:53:11","modified_gmt":"2022-09-03T18:53:11","slug":"impressum","status":"publish","type":"page","link":"http:\/\/aguilar-coaching.com\/es\/impressum\/","title":{"rendered":"Aviso legal"},"content":{"rendered":"<div data-elementor-type=\"wp-page\" data-elementor-id=\"38\" class=\"elementor elementor-38\">\n\t\t\t\t\t\t<section class=\"elementor-section elementor-top-section elementor-element elementor-element-873d7b8 elementor-section-full_width elementor-section-stretched elementor-section-height-default elementor-section-height-default\" data-id=\"873d7b8\" data-element_type=\"section\" data-e-type=\"section\" data-settings=\"{&quot;stretch_section&quot;:&quot;section-stretched&quot;,&quot;background_background&quot;:&quot;classic&quot;}\">\n\t\t\t\t\t\t\t<div class=\"elementor-background-overlay\"><\/div>\n\t\t\t\t\t\t\t<div class=\"elementor-container elementor-column-gap-default\">\n\t\t\t\t\t<div class=\"elementor-column elementor-col-100 elementor-top-column elementor-element elementor-element-33929043\" data-id=\"33929043\" data-element_type=\"column\" data-e-type=\"column\" data-settings=\"{&quot;background_background&quot;:&quot;classic&quot;}\">\n\t\t\t<div class=\"elementor-widget-wrap elementor-element-populated\">\n\t\t\t\t\t\t<div class=\"elementor-element elementor-element-4ac9a170 elementor-widget elementor-widget-image\" data-id=\"4ac9a170\" data-element_type=\"widget\" data-e-type=\"widget\" data-widget_type=\"image.default\">\n\t\t\t\t<div class=\"elementor-widget-container\">\n\t\t\t\t\t\t\t\t\t\t\t\t\t\t\t\t<a href=\"https:\/\/aguilar-coaching.com\/es\/\">\n\t\t\t\t\t\t\t<img decoding=\"async\" src=\"https:\/\/aguilar-coaching.com\/wp-content\/uploads\/elementor\/thumbs\/Logo-beige-naranja-zugeschnitten-ph6baoe7rfqg19f47etipn6ahcopnnw6douejgbe44.png\" title=\"Logo beige naranja zugeschnitten\" alt=\"Logo beige naranja zugeschnitten\" loading=\"lazy\" \/>\t\t\t\t\t\t\t\t<\/a>\n\t\t\t\t\t\t\t\t\t\t\t\t\t\t\t<\/div>\n\t\t\t\t<\/div>\n\t\t\t\t<div class=\"elementor-element elementor-element-2a8e5e34 elementor-widget elementor-widget-heading\" data-id=\"2a8e5e34\" data-element_type=\"widget\" data-e-type=\"widget\" data-widget_type=\"heading.default\">\n\t\t\t\t<div class=\"elementor-widget-container\">\n\t\t\t\t\t<h1 class=\"elementor-heading-title elementor-size-xxl\">Aviso legal<\/h1>\t\t\t\t<\/div>\n\t\t\t\t<\/div>\n\t\t\t\t<div class=\"elementor-element elementor-element-26df5364 elementor-widget-divider--view-line elementor-widget elementor-widget-divider\" data-id=\"26df5364\" data-element_type=\"widget\" data-e-type=\"widget\" data-widget_type=\"divider.default\">\n\t\t\t\t<div class=\"elementor-widget-container\">\n\t\t\t\t\t\t\t<div class=\"elementor-divider\">\n\t\t\t<span class=\"elementor-divider-separator\">\n\t\t\t\t\t\t<\/span>\n\t\t<\/div>\n\t\t\t\t\t\t<\/div>\n\t\t\t\t<\/div>\n\t\t\t\t\t<\/div>\n\t\t<\/div>\n\t\t\t\t\t<\/div>\n\t\t<\/section>\n\t\t\t\t<section class=\"elementor-section elementor-top-section elementor-element elementor-element-18c7d8d elementor-section-boxed elementor-section-height-default elementor-section-height-default\" data-id=\"18c7d8d\" data-element_type=\"section\" data-e-type=\"section\">\n\t\t\t\t\t\t<div class=\"elementor-container elementor-column-gap-default\">\n\t\t\t\t\t<div class=\"elementor-column elementor-col-100 elementor-top-column elementor-element elementor-element-bd6bbda\" data-id=\"bd6bbda\" data-element_type=\"column\" data-e-type=\"column\">\n\t\t\t<div class=\"elementor-widget-wrap elementor-element-populated\">\n\t\t\t\t\t\t<div class=\"elementor-element elementor-element-a1a56a0 elementor-widget elementor-widget-text-editor\" data-id=\"a1a56a0\" data-element_type=\"widget\" data-e-type=\"widget\" data-widget_type=\"text-editor.default\">\n\t\t\t\t<div class=\"elementor-widget-container\">\n\t\t\t\t\t\t\t\t\t<p>El siguiente aviso legal tambi\u00e9n se aplica a mis perfiles de XING, LinkedIn, Facebook, Google Business Site e Instagram.&nbsp;<\/p>\n<p><strong>Informaci\u00f3n seg\u00fan el \u00a7 5 TMG<\/strong><\/p>\n<p>Elena Aguilar<br>Coaching sist\u00e9mico intercultural<br>50678 K\u00f6ln<br>Alemania<\/p><p><br><\/p>\n<p><\/p>\n<p><strong>Contacto<\/strong><br>Tel\u00e9fono: +49 (0) 15205139987<br>E-Mail: info@aguilar-coaching.com&nbsp;<\/p>\n<p><\/p>\n<p><strong><br><\/strong><\/p><p><strong>Resoluci\u00f3n de litigios de la UE<\/strong><br>La Comisi\u00f3n Europea proporciona una plataforma para la resoluci\u00f3n de litigios (RL) en l\u00ednea:<br><a href=\"https:\/\/ec.europa.eu\/consumers\/odr\/\" target=\"_blank\" rel=\"noopener\">https:\/\/ec.europa.eu\/<\/a><\/p>\n<p><a href=\"https:\/\/ec.europa.eu\/consumers\/odr\/\" target=\"_blank\" rel=\"noopener\">consumers\/odr\/<\/a>.<\/p>\n<p>Nuestro Email se puede encontrar en la parte superior del aviso legal.<\/p>\n<p><\/p>\n<p><strong><br><\/strong><\/p><p><strong>Verbraucherstreitbeilegung\/<\/strong><strong>Universalschlichtungsstelle<\/strong><br>No estamos dispuestos ni obligados a participar en procedimientos de resoluci\u00f3n de l\u00edtigos ante una junta arbitral de consumidores.<\/p>\n<p><\/p>\n<p><strong><br><\/strong><\/p><p><strong>Indicaci\u00f3n de las fuentes p<\/strong><strong>ara<\/strong><strong>las im\u00e1genes y gr\u00e1ficos utilizados<\/strong><\/p>\n<p>Facebook e Instagram:<\/p>\n<p>Fuentes:&nbsp;<\/p>\n<p>unsplash.com<\/p>\n<p>pexels.com<\/p>\n<p>rawpixel.com<\/p>\n<p>pixabay.com<\/p>\n<p>freepik.com<\/p>\n<p><\/p>\n<p><strong><br><\/strong><\/p><p><strong>Responsabilidad para el contenido<\/strong><br>Como proveedor de servicios, somos responsables de acuerdo con \u00a7 7 Abs.1 TMG por nuestro propio contenido en estas p\u00e1ginas de acuerdo con las leyes generales.<\/p>\n<p>Sin embargo, de acuerdo con \u00a7\u00a7 8 a 10 TMG, nosotros, como proveedor de servicios, no estamos obligados a monitorear la informaci\u00f3n transmitida o almacenada de terceros o, seg\u00fan las circunstancias, a<br>investigar circunstancias que indiquen actividad ilegal.<\/p>\n<p>Obligaciones de eliminar o bloquear el uso de la informaci\u00f3n de acuerdo con<br>las leyes generales no se ven afectadas por esto. Sin embargo, la responsabilidad al respecto s\u00f3lo es posible desde el momento en que se tiene conocimiento de una infracci\u00f3n concreta. Tras el conocimiento de las<br>violaciones correspondientes de la ley, eliminaremos este contenido de inmediato.<\/p>\n<p><\/p>\n<p><strong><br><\/strong><\/p><p><strong>Responsabilidad para los enlaces<\/strong><br>Nuestra oferta contiene enlaces a sitios web externos de terceros, sobre cuyos contenidos no tenemos ninguna influencia. Por lo tanto, no podemos asumir ninguna responsabilidad por estos contenidos de terceros. El contenido de las p\u00e1ginas enlazadas es siempre responsabilidad del respectivo proveedor u operador de las p\u00e1ginas. Las p\u00e1ginas enlazadas fueron revisadas en el momento de la vinculaci\u00f3n en busca de posibles violaciones legales. El contenido ilegal no era reconocible en el momento de la vinculaci\u00f3n.<br>Sin embargo, un control permanente del contenido de las p\u00e1ginas enlazadas no es razonable sin<br>evidencia concreta de una violaci\u00f3n de la ley. Tras la notificaci\u00f3n de las infracciones, eliminaremos dichos enlaces inmediatamente.<\/p>\n<p><\/p>\n<p><strong><br><\/strong><\/p><p><strong>Derechos de autor<\/strong><br>Los contenidos y obras creados por los operadores del sitio en estas p\u00e1ginas est\u00e1n sujetos a la ley alemana de derechos de autor. La duplicaci\u00f3n, el procesamiento y la distribuci\u00f3n de cualquier tipo de explotaci\u00f3n fuera de los l\u00edmites de la ley de derechos de autor requieren el consentimiento por escrito del autor o creador respectivo.<br>Las descargas y copias de este sitio solo est\u00e1n permitidas para uso privado y no comercial.<br>En la medida en que los contenidos de esta p\u00e1gina no fueron creados por el operador, se observan los derechos de autor de terceros.<br>En particular, el contenido de terceros est\u00e1 marcado como tal. No obstante, si tiene el conocimiento<br>de una infracci\u00f3n de derechos de autor, le pedimos que nos de un aviso correspondiente. Tras la notificaci\u00f3n de violaciones de la ley, eliminaremos dicho contenido de inmediato.<\/p>\n<p><\/p>\n<p><strong><br><\/strong><\/p><p><strong>Otros datos<\/strong><\/p>\n<p>Con nosotros, todas las personas (m\/f\/d) est\u00e1n en igualdad de condiciones. Sin embargo, por simplicidad, se utilizan designaciones personales masculinas con significados generalizadores (masculinos gen\u00e9ricos). Se omiten m\u00faltiples formas u otros identificativos por razones de legibilidad y claridad.<\/p>\t\t\t\t\t\t\t\t<\/div>\n\t\t\t\t<\/div>\n\t\t\t\t\t<\/div>\n\t\t<\/div>\n\t\t\t\t\t<\/div>\n\t\t<\/section>\n\t\t\t\t<section class=\"elementor-section elementor-top-section elementor-element elementor-element-57ef0ff elementor-section-boxed elementor-section-height-default elementor-section-height-default\" data-id=\"57ef0ff\" data-element_type=\"section\" data-e-type=\"section\">\n\t\t\t\t\t\t<div class=\"elementor-container elementor-column-gap-default\">\n\t\t\t\t\t<div class=\"elementor-column elementor-col-100 elementor-top-column elementor-element elementor-element-2499208\" data-id=\"2499208\" data-element_type=\"column\" data-e-type=\"column\">\n\t\t\t<div class=\"elementor-widget-wrap elementor-element-populated\">\n\t\t\t\t\t\t<div class=\"elementor-element elementor-element-52b3d26 elementor-widget elementor-widget-text-editor\" data-id=\"52b3d26\" data-element_type=\"widget\" data-e-type=\"widget\" data-widget_type=\"text-editor.default\">\n\t\t\t\t<div class=\"elementor-widget-container\">\n\t\t\t\t\t\t\t\t\t<p><a href=\"http:\/\/aguilar-coaching.com\/es\/impressum\/\">Aviso legal<\/a> | <a href=\"http:\/\/aguilar-coaching.com\/es\/datenschutz\/\">Pol\u00edtica de privacidad<\/a> | <a href=\"http:\/\/aguilar-coaching.com\/es\/\">Inicio<\/a><\/p><p><a role='button' tabindex='0' class=\"medium cli-plugin-button cli-plugin-main-button cli_settings_button\">Ajustes de Cookie<\/a><\/p>\t\t\t\t\t\t\t\t<\/div>\n\t\t\t\t<\/div>\n\t\t\t\t<div class=\"elementor-element elementor-element-c2f5083 elementor-widget-divider--view-line elementor-widget elementor-widget-divider\" data-id=\"c2f5083\" data-element_type=\"widget\" data-e-type=\"widget\" data-widget_type=\"divider.default\">\n\t\t\t\t<div class=\"elementor-widget-container\">\n\t\t\t\t\t\t\t<div class=\"elementor-divider\">\n\t\t\t<span class=\"elementor-divider-separator\">\n\t\t\t\t\t\t<\/span>\n\t\t<\/div>\n\t\t\t\t\t\t<\/div>\n\t\t\t\t<\/div>\n\t\t\t\t<section class=\"elementor-section elementor-inner-section elementor-element elementor-element-73a17859 elementor-section-boxed elementor-section-height-default elementor-section-height-default\" data-id=\"73a17859\" data-element_type=\"section\" data-e-type=\"section\">\n\t\t\t\t\t\t<div class=\"elementor-container elementor-column-gap-no\">\n\t\t\t\t\t<div class=\"elementor-column elementor-col-33 elementor-inner-column elementor-element elementor-element-23508b12\" data-id=\"23508b12\" data-element_type=\"column\" data-e-type=\"column\">\n\t\t\t<div class=\"elementor-widget-wrap elementor-element-populated\">\n\t\t\t\t\t\t<div class=\"elementor-element elementor-element-62a4d229 elementor-view-default elementor-widget elementor-widget-icon\" data-id=\"62a4d229\" data-element_type=\"widget\" data-e-type=\"widget\" data-widget_type=\"icon.default\">\n\t\t\t\t<div class=\"elementor-widget-container\">\n\t\t\t\t\t\t\t<div class=\"elementor-icon-wrapper\">\n\t\t\t<a class=\"elementor-icon\" href=\"https:\/\/www.facebook.com\/aguilarcoaching\" target=\"_blank\" rel=\"noopener\">\n\t\t\t<i aria-hidden=\"true\" class=\"fab fa-facebook\"><\/i>\t\t\t<\/a>\n\t\t<\/div>\n\t\t\t\t\t\t<\/div>\n\t\t\t\t<\/div>\n\t\t\t\t\t<\/div>\n\t\t<\/div>\n\t\t\t\t<div class=\"elementor-column elementor-col-33 elementor-inner-column elementor-element elementor-element-4336c9dd\" data-id=\"4336c9dd\" data-element_type=\"column\" data-e-type=\"column\">\n\t\t\t<div class=\"elementor-widget-wrap elementor-element-populated\">\n\t\t\t\t\t\t<div class=\"elementor-element elementor-element-5e4d728b elementor-view-default elementor-widget elementor-widget-icon\" data-id=\"5e4d728b\" data-element_type=\"widget\" data-e-type=\"widget\" data-widget_type=\"icon.default\">\n\t\t\t\t<div class=\"elementor-widget-container\">\n\t\t\t\t\t\t\t<div class=\"elementor-icon-wrapper\">\n\t\t\t<a class=\"elementor-icon\" href=\"https:\/\/instagram.com\/coach_up_your_life\" target=\"_blank\" rel=\"noopener\">\n\t\t\t<i aria-hidden=\"true\" class=\"fab fa-instagram\"><\/i>\t\t\t<\/a>\n\t\t<\/div>\n\t\t\t\t\t\t<\/div>\n\t\t\t\t<\/div>\n\t\t\t\t\t<\/div>\n\t\t<\/div>\n\t\t\t\t<div class=\"elementor-column elementor-col-33 elementor-inner-column elementor-element elementor-element-686d8fbf\" data-id=\"686d8fbf\" data-element_type=\"column\" data-e-type=\"column\">\n\t\t\t<div class=\"elementor-widget-wrap elementor-element-populated\">\n\t\t\t\t\t\t<div class=\"elementor-element elementor-element-50aefc40 elementor-view-default elementor-widget elementor-widget-icon\" data-id=\"50aefc40\" data-element_type=\"widget\" data-e-type=\"widget\" data-widget_type=\"icon.default\">\n\t\t\t\t<div class=\"elementor-widget-container\">\n\t\t\t\t\t\t\t<div class=\"elementor-icon-wrapper\">\n\t\t\t<a class=\"elementor-icon\" href=\"http:\/\/www.linkedin.com\/in\/elena-aguilar-pozo\" target=\"_blank\" rel=\"noopener\">\n\t\t\t<i aria-hidden=\"true\" class=\"fab fa-linkedin\"><\/i>\t\t\t<\/a>\n\t\t<\/div>\n\t\t\t\t\t\t<\/div>\n\t\t\t\t<\/div>\n\t\t\t\t\t<\/div>\n\t\t<\/div>\n\t\t\t\t\t<\/div>\n\t\t<\/section>\n\t\t\t\t\t<\/div>\n\t\t<\/div>\n\t\t\t\t\t<\/div>\n\t\t<\/section>\n\t\t\t\t<\/div>","protected":false},"excerpt":{"rendered":"<p>Impressum Das nachfolgende Impressum gilt auch f\u00fcr meine XING-, LinkedIn-, Facebook-, Google Business Site und Instagram-Profile.&nbsp; Angaben gem\u00e4\u00df \u00a7 5 TMG Elena AguilarInterkulturelles systemisches Coaching50678 K\u00f6lnDeutschland KontaktTelefon: +49 (0) 15205139987E-Mail: info@aguilar-coaching.com&nbsp; EU-StreitschlichtungDie Europ\u00e4ische Kommission stellt eine Plattform zur Online-Streitbeilegung (OS) bereit:https:\/\/ec.europa.eu\/ consumers\/odr\/. Unsere E-Mail-Adresse finden Sie oben im Impressum. Verbraucherstreitbeilegung\/UniversalschlichtungsstelleWir sind nicht bereit oder verpflichtet,&hellip; <a class=\"more-link\" href=\"http:\/\/aguilar-coaching.com\/es\/impressum\/\">Seguir leyendo <span class=\"screen-reader-text\">Aviso legal<\/span><\/a><\/p>","protected":false},"author":1,"featured_media":0,"parent":0,"menu_order":0,"comment_status":"closed","ping_status":"closed","template":"elementor_canvas","meta":{"_monsterinsights_skip_tracking":false,"_monsterinsights_sitenote_active":false,"_monsterinsights_sitenote_note":"","_monsterinsights_sitenote_category":0,"_joinchat":[],"footnotes":""},"class_list":["post-38","page","type-page","status-publish","hentry","entry"],"_links":{"self":[{"href":"http:\/\/aguilar-coaching.com\/es\/wp-json\/wp\/v2\/pages\/38","targetHints":{"allow":["GET"]}}],"collection":[{"href":"http:\/\/aguilar-coaching.com\/es\/wp-json\/wp\/v2\/pages"}],"about":[{"href":"http:\/\/aguilar-coaching.com\/es\/wp-json\/wp\/v2\/types\/page"}],"author":[{"embeddable":true,"href":"http:\/\/aguilar-coaching.com\/es\/wp-json\/wp\/v2\/users\/1"}],"replies":[{"embeddable":true,"href":"http:\/\/aguilar-coaching.com\/es\/wp-json\/wp\/v2\/comments?post=38"}],"version-history":[{"count":124,"href":"http:\/\/aguilar-coaching.com\/es\/wp-json\/wp\/v2\/pages\/38\/revisions"}],"predecessor-version":[{"id":1792,"href":"http:\/\/aguilar-coaching.com\/es\/wp-json\/wp\/v2\/pages\/38\/revisions\/1792"}],"wp:attachment":[{"href":"http:\/\/aguilar-coaching.com\/es\/wp-json\/wp\/v2\/media?parent=38"}],"curies":[{"name":"wp","href":"https:\/\/api.w.org\/{rel}","templated":true}]}}